{"id":7737,"date":"2026-02-05T13:04:57","date_gmt":"2026-02-05T13:04:57","guid":{"rendered":"https:\/\/www.asaprisk.com\/?page_id=7737"},"modified":"2026-02-10T10:48:12","modified_gmt":"2026-02-10T10:48:12","slug":"blog","status":"publish","type":"page","link":"https:\/\/www.asaprisk.com\/ca\/blog\/","title":{"rendered":"Blog"},"content":{"rendered":"<div class=\"wpb-content-wrapper\">[vc_section full_width=&#8221;stretch_row_content&#8221; css=&#8221;.vc_custom_1770297165790{padding-top: 80px !important;padding-bottom: 80px !important;}&#8221;][vc_row remove_bottom_col_margin=&#8221;true&#8221; max_width_custom=&#8221;1600px&#8221;][vc_column]<style>.vcex-blog-grid-wrap.vcex_69f49208e3300 .entry-title{color:var(--wpex-palette-4792-color);font-size:20px;}.vcex-blog-grid-wrap.vcex_69f49208e3300 .entry-date{font-size:13px;}.vcex-blog-grid-wrap.vcex_69f49208e3300 .entry-excerpt{font-size:14px;}<\/style><div class=\"vcex-module vcex-blog-grid-wrap wpex-clr vcex_69f49208e3300\"><div class=\"wpex-row vcex-blog-grid wpex-clr entries gap-15 vcex-isotope-grid wpex-overflow-hidden match-height-grid\"><div class=\"vcex-blog-entry vcex-grid-item entry-has-details span_1_of_3 col-1 col vcex-isotope-entry wpex-text-center entry post-7945 type-post has-media cat-109 translation_priority-97\"><div class=\"vcex-blog-entry-inner entry-inner wpex-first-mt-0 wpex-last-mb-0 wpex-clr wpex-shadow-lg\"><div class=\"vcex-blog-entry-media entry-media wpex-relative overlay-parent overlay-parent-hover-button overlay-h wpex-overflow-hidden overlay-ms\"><a href=\"https:\/\/www.asaprisk.com\/ca\/asseguranca-dembarcacions-al-port-de-tarragona\/\" title=\"Asseguran\u00e7a d&#8217;embarcacions al Port de Tarragona\"><img width=\"1500\" height=\"1001\" src=\"https:\/\/www.asaprisk.com\/wp-content\/uploads\/2026\/04\/Assegurances-dembarcacions-al-Port-de-Tarragona.jpg\" class=\"vcex-blog-entry-img wpex-align-middle skip-lazy\" alt=\"Asseguran\u00e7a d&#039;embarcacions al Port de Tarragona\" data-no-lazy=\"1\" srcset=\"https:\/\/www.asaprisk.com\/wp-content\/uploads\/2026\/04\/Assegurances-dembarcacions-al-Port-de-Tarragona.jpg 1500w, https:\/\/www.asaprisk.com\/wp-content\/uploads\/2026\/04\/Assegurances-dembarcacions-al-Port-de-Tarragona-300x200.jpg 300w, https:\/\/www.asaprisk.com\/wp-content\/uploads\/2026\/04\/Assegurances-dembarcacions-al-Port-de-Tarragona-1024x683.jpg 1024w, https:\/\/www.asaprisk.com\/wp-content\/uploads\/2026\/04\/Assegurances-dembarcacions-al-Port-de-Tarragona-768x513.jpg 768w\" sizes=\"(max-width: 1500px) 100vw, 1500px\" \/><\/a>\n<div class=\"overlay-hover-button overlay-hide theme-overlay wpex-absolute wpex-inset-0 wpex-transition-all wpex-duration-300 wpex-flex wpex-items-center wpex-justify-center\">\n\t<span class=\"overlay-bg wpex-bg-black wpex-block wpex-absolute wpex-inset-0 wpex-opacity-60\"><\/span>\n\t<div class=\"overlay-content overlay-scale wpex-relative wpex-font-semibold wpex-transition-transform wpex-duration-300 wpex-p-20 wpex-clr\"><a href=\"https:\/\/www.asaprisk.com\/ca\/asseguranca-dembarcacions-al-port-de-tarragona\/\" class=\"overlay-hover-button-link theme-button minimal-border white wpex-text-md\">Llegir article<\/a><\/div>\n<\/div>\n<\/div><div class=\"vcex-blog-entry-details entry-details wpex-bordered wpex-p-30 wpex-first-mt-0 wpex-last-mb-0 wpex-clr\"><div class=\"match-height-content\"><h2 class=\"vcex-blog-entry-title entry-title wpex-mb-5 wpex-child-inherit-color\"><a href=\"https:\/\/www.asaprisk.com\/ca\/asseguranca-dembarcacions-al-port-de-tarragona\/\">Asseguran\u00e7a d&#8217;embarcacions al Port de Tarragona<\/a><\/h2><div class=\"vcex-blog-entry-date entry-date wpex-text-sm wpex-text-3 wpex-mb-5\">21\/04\/2026<\/div><div class=\"vcex-blog-entry-excerpt entry-excerpt wpex-my-15 wpex-text-pretty wpex-last-mb-0 wpex-clr\"><p>Triar una asseguran\u00e7a d'embarcacions en el port de Tarragona \u00e9s una decisi\u00f3 que conv\u00e9 prendre amb calma i amb criteri. Tarragona reuneix activitat mar\u00edtima intensa, zones d'amarrament esportiu i serveis n\u00e0utics que atreuen&hellip;<\/p><\/div><\/div><\/div><\/div><\/div><div class=\"vcex-blog-entry vcex-grid-item entry-has-details span_1_of_3 col-2 col vcex-isotope-entry wpex-text-center entry post-7878 type-post has-media cat-109 translation_priority-97\"><div class=\"vcex-blog-entry-inner entry-inner wpex-first-mt-0 wpex-last-mb-0 wpex-clr wpex-shadow-lg\"><div class=\"vcex-blog-entry-media entry-media wpex-relative overlay-parent overlay-parent-hover-button overlay-h wpex-overflow-hidden overlay-ms\"><a href=\"https:\/\/www.asaprisk.com\/ca\/assegurar-la-teva-flota-dautocars-les-claus\/\" title=\"Assegurar la teva flota d&#8217;autocars: les claus\"><img width=\"1200\" height=\"800\" src=\"https:\/\/www.asaprisk.com\/wp-content\/uploads\/2026\/03\/assegurar-la-teva-flota-autocars-les-claus.jpg\" class=\"vcex-blog-entry-img wpex-align-middle skip-lazy\" alt=\"T&#039;expliquem com assegurar la teva flota d&#039;autocars.\" data-no-lazy=\"1\" srcset=\"https:\/\/www.asaprisk.com\/wp-content\/uploads\/2026\/03\/assegurar-la-teva-flota-autocars-les-claus.jpg 1200w, https:\/\/www.asaprisk.com\/wp-content\/uploads\/2026\/03\/assegurar-la-teva-flota-autocars-les-claus-300x200.jpg 300w, https:\/\/www.asaprisk.com\/wp-content\/uploads\/2026\/03\/assegurar-la-teva-flota-autocars-les-claus-1024x683.jpg 1024w, https:\/\/www.asaprisk.com\/wp-content\/uploads\/2026\/03\/assegurar-la-teva-flota-autocars-les-claus-768x512.jpg 768w\" sizes=\"(max-width: 1200px) 100vw, 1200px\" \/><\/a>\n<div class=\"overlay-hover-button overlay-hide theme-overlay wpex-absolute wpex-inset-0 wpex-transition-all wpex-duration-300 wpex-flex wpex-items-center wpex-justify-center\">\n\t<span class=\"overlay-bg wpex-bg-black wpex-block wpex-absolute wpex-inset-0 wpex-opacity-60\"><\/span>\n\t<div class=\"overlay-content overlay-scale wpex-relative wpex-font-semibold wpex-transition-transform wpex-duration-300 wpex-p-20 wpex-clr\"><a href=\"https:\/\/www.asaprisk.com\/ca\/assegurar-la-teva-flota-dautocars-les-claus\/\" class=\"overlay-hover-button-link theme-button minimal-border white wpex-text-md\">Llegir article<\/a><\/div>\n<\/div>\n<\/div><div class=\"vcex-blog-entry-details entry-details wpex-bordered wpex-p-30 wpex-first-mt-0 wpex-last-mb-0 wpex-clr\"><div class=\"match-height-content\"><h2 class=\"vcex-blog-entry-title entry-title wpex-mb-5 wpex-child-inherit-color\"><a href=\"https:\/\/www.asaprisk.com\/ca\/assegurar-la-teva-flota-dautocars-les-claus\/\">Assegurar la teva flota d&#8217;autocars: les claus<\/a><\/h2><div class=\"vcex-blog-entry-date entry-date wpex-text-sm wpex-text-3 wpex-mb-5\">10\/03\/2026<\/div><div class=\"vcex-blog-entry-excerpt entry-excerpt wpex-my-15 wpex-text-pretty wpex-last-mb-0 wpex-clr\"><p>Assegurar una flota d'autocars \u00e9s una decisi\u00f3 de gesti\u00f3 de riscos que afecta la continu\u00eftat del servei, a la reputaci\u00f3 de l'empresa i a l'estabilitat financera. En transport de viatgers, l'asseguran\u00e7a de flota&hellip;<\/p><\/div><\/div><\/div><\/div><\/div><div class=\"vcex-blog-entry vcex-grid-item entry-has-details span_1_of_3 col-3 col vcex-isotope-entry wpex-text-center entry post-7853 type-post has-media cat-109 translation_priority-97\"><div class=\"vcex-blog-entry-inner entry-inner wpex-first-mt-0 wpex-last-mb-0 wpex-clr wpex-shadow-lg\"><div class=\"vcex-blog-entry-media entry-media wpex-relative overlay-parent overlay-parent-hover-button overlay-h wpex-overflow-hidden overlay-ms\"><a href=\"https:\/\/www.asaprisk.com\/ca\/com-triar-la-millor-asseguranca-per-a-la-teva-empresa\/\" title=\"Com triar la millor asseguran\u00e7a per a la teva empresa\"><img width=\"1200\" height=\"800\" src=\"https:\/\/www.asaprisk.com\/wp-content\/uploads\/2026\/02\/img-blog-1.jpg\" class=\"vcex-blog-entry-img wpex-align-middle skip-lazy\" alt=\"\" data-no-lazy=\"1\" srcset=\"https:\/\/www.asaprisk.com\/wp-content\/uploads\/2026\/02\/img-blog-1.jpg 1200w, https:\/\/www.asaprisk.com\/wp-content\/uploads\/2026\/02\/img-blog-1-300x200.jpg 300w, https:\/\/www.asaprisk.com\/wp-content\/uploads\/2026\/02\/img-blog-1-1024x683.jpg 1024w, https:\/\/www.asaprisk.com\/wp-content\/uploads\/2026\/02\/img-blog-1-768x512.jpg 768w\" sizes=\"(max-width: 1200px) 100vw, 1200px\" \/><\/a>\n<div class=\"overlay-hover-button overlay-hide theme-overlay wpex-absolute wpex-inset-0 wpex-transition-all wpex-duration-300 wpex-flex wpex-items-center wpex-justify-center\">\n\t<span class=\"overlay-bg wpex-bg-black wpex-block wpex-absolute wpex-inset-0 wpex-opacity-60\"><\/span>\n\t<div class=\"overlay-content overlay-scale wpex-relative wpex-font-semibold wpex-transition-transform wpex-duration-300 wpex-p-20 wpex-clr\"><a href=\"https:\/\/www.asaprisk.com\/ca\/com-triar-la-millor-asseguranca-per-a-la-teva-empresa\/\" class=\"overlay-hover-button-link theme-button minimal-border white wpex-text-md\">Llegir article<\/a><\/div>\n<\/div>\n<\/div><div class=\"vcex-blog-entry-details entry-details wpex-bordered wpex-p-30 wpex-first-mt-0 wpex-last-mb-0 wpex-clr\"><div class=\"match-height-content\"><h2 class=\"vcex-blog-entry-title entry-title wpex-mb-5 wpex-child-inherit-color\"><a href=\"https:\/\/www.asaprisk.com\/ca\/com-triar-la-millor-asseguranca-per-a-la-teva-empresa\/\">Com triar la millor asseguran\u00e7a per a la teva empresa<\/a><\/h2><div class=\"vcex-blog-entry-date entry-date wpex-text-sm wpex-text-3 wpex-mb-5\">06\/02\/2026<\/div><div class=\"vcex-blog-entry-excerpt entry-excerpt wpex-my-15 wpex-text-pretty wpex-last-mb-0 wpex-clr\"><p>Triar una asseguran\u00e7a per a la teva empresa no va de \u201ccontractar alguna cosa i llest\u201d. Va de protegir la continu\u00eftat del negoci quan ocorre el que ning\u00fa vol: un error professional que&hellip;<\/p><\/div><\/div><\/div><\/div><\/div><\/div><\/div>[\/vc_column][\/vc_row][\/vc_section][vc_row remove_bottom_col_margin=&#8221;true&#8221;][vc_column]<div class=\"templatera_shortcode\"><style type=\"text\/css\" data-type=\"vc_shortcodes-custom-css\">.vc_custom_1743671991442{padding-top: 60px !important;padding-bottom: 60px !important;}.vc_custom_1759141758494{padding-bottom: 15px !important;}<\/style><div class=\"vc_section degradat-cta vc_custom_1743671991442 wpex-vc-full-width-section wpex-vc-full-width-section--centered wpex-relative\"><div class=\"vc_row wpb_row vc_row-fluid vc_column-gap-25 wpex-relative wpex-vc-has-custom-column-spacing wpex-vc-column-spacing-0px no-bottom-margins\"><div class=\"wpb_column vc_column_container vc_col-sm-12\"><div class=\"vc_column-inner\"><div class=\"wpb_wrapper\"><style>.vcex-heading.vcex_69f49208ebec1{color:var(--wpex-palette-4802-color);font-size:34px;font-weight:400;}<\/style><h2 class=\"vcex-heading vcex-heading-plain vcex-module wpex-heading wpex-text-2xl wpex-mb-20 wpex-text-center vc_custom_1759141758494 vcex_69f49208ebec1\"><span class=\"vcex-heading-inner wpex-inline-block\">Tens dubtes? Pregunta'ns<\/span><\/h2><\/div><\/div><\/div><\/div><div class=\"vc_row wpb_row vc_row-fluid vc_column-gap-25 vc_row-o-equal-height vc_row-flex wpex-relative wpex-vc-has-custom-column-spacing wpex-vc-column-spacing-0px no-bottom-margins\"><div class=\"wpb_column vc_column_container vc_col-sm-6\"><div class=\"vc_column-inner\"><div class=\"wpb_wrapper\"><div class=\"vcex-spacing wpex-w-100 wpex-clear hidden-phone\"><\/div><style>.vcex-image.vcex_69f49208ecd5e .vcex-image-inner{max-width:100px;}<\/style><figure class=\"vcex-image vcex-module wpex-mb-20 wpex-text-center vcex_69f49208ecd5e\"><div class=\"vcex-image-inner wpex-relative wpex-inline-block\"><img width=\"450\" height=\"400\" src=\"https:\/\/www.asaprisk.com\/wp-content\/uploads\/2025\/04\/icones-cta-call-1.png\" class=\"vcex-image-img wpex-align-middle\" alt=\"\" loading=\"lazy\" decoding=\"async\" srcset=\"https:\/\/www.asaprisk.com\/wp-content\/uploads\/2025\/04\/icones-cta-call-1.png 450w, https:\/\/www.asaprisk.com\/wp-content\/uploads\/2025\/04\/icones-cta-call-1-300x267.png 300w\" sizes=\"auto, (max-width: 450px) 100vw, 450px\" \/><\/div><\/figure><style>.vcex-heading.vcex_69f49208ee932{color:var(--wpex-palette-4802-color);font-size:22px;font-weight:500;}<\/style><div class=\"vcex-heading vcex-heading-plain vcex-module wpex-heading wpex-text-2xl wpex-mb-10 wpex-text-center vcex_69f49208ee932\"><span class=\"vcex-heading-inner wpex-inline-block\">Et truquem per tel\u00e8fon?<\/span><\/div><style>.vcex-heading.vcex_69f49208ef1fa{width:350px;color:var(--wpex-palette-4802-color);font-size:16px;font-weight:300;}<\/style><div class=\"vcex-heading vcex-heading-plain vcex-module wpex-heading wpex-text-2xl wpex-mb-25 wpex-text-center wpex-max-w-100 wpex-mx-auto vcex_69f49208ef1fa\"><span class=\"vcex-heading-inner wpex-inline-block\">Deixa'ns el teu tel\u00e8fon i ens posarem en contacte amb tu<\/span><\/div><style>.vcex-button.vcex_69f49208efb24:hover{background:var(--wpex-palette-4802-color)!important;color:var(--wpex-palette-4734-color)!important;}.vcex-button.vcex_69f49208efb24{color:var(--wpex-palette-4802-color)!important;border:1px solid #35808A;font-size:16px;font-weight:400;text-transform:uppercase;}<\/style><div class=\"theme-button-wrap textcenter wpex-clr\"><a href=\"#\" class=\"vcex-button theme-button minimal-border align-center inline popup-te-llamamos vcex_69f49208efb24\" title=\"Et truquem per tel\u00e8fon\" target=\"_blank\" rel=\"nofollow noopener noreferrer\"><span class=\"vcex-button-inner theme-button-inner wpex-flex wpex-flex-wrap wpex-items-center wpex-justify-center\">Et truquem gratis<span class=\"vcex-button-icon vcex-icon-wrap theme-button-icon-right\"><span class=\"wpex-icon wpex-icon--bidi\" aria-hidden=\"true\"><svg xmlns=\"http:\/\/www.w3.org\/2000\/svg\" viewBox=\"0 0 320 512\"><path d=\"M278.6 233.4c12.5 12.5 12.5 32.8 0 45.3l-160 160c-12.5 12.5-32.8 12.5-45.3 0s-12.5-32.8 0-45.3L210.7 256 73.4 118.6c-12.5-12.5-12.5-32.8 0-45.3s32.8-12.5 45.3 0l160 160z\"\/><\/svg><\/span><\/span><\/span><\/a><\/div> <div class=\"vcex-column-side-border vcex-column-side-border--right wpex-hidden wpex-md-block wpex-absolute wpex-top-50 wpex-right-0 wpex-max-h-100 wpex-h-100 wpex-w-1px wpex-surface-4 wpex-translate-x-y-50 vcex-right\" style=\"background:var(--wpex-palette-4802-color);\"><\/div><div class=\"vcex-spacing wpex-w-100 wpex-clear\"><\/div><\/div><\/div><\/div><div class=\"wpb_column vc_column_container vc_col-sm-6\"><div class=\"vc_column-inner\"><div class=\"wpb_wrapper\"><div class=\"vcex-spacing wpex-w-100 wpex-clear hidden-phone\"><\/div><style>.vcex-image.vcex_69f49208f0aab .vcex-image-inner{max-width:100px;}<\/style><figure class=\"vcex-image vcex-module wpex-mb-20 wpex-text-center vcex_69f49208f0aab\"><div class=\"vcex-image-inner wpex-relative wpex-inline-block\"><img width=\"450\" height=\"400\" src=\"https:\/\/www.asaprisk.com\/wp-content\/uploads\/2025\/04\/icones-cta-whatsapp.png\" class=\"vcex-image-img wpex-align-middle\" alt=\"\" loading=\"lazy\" decoding=\"async\" srcset=\"https:\/\/www.asaprisk.com\/wp-content\/uploads\/2025\/04\/icones-cta-whatsapp.png 450w, https:\/\/www.asaprisk.com\/wp-content\/uploads\/2025\/04\/icones-cta-whatsapp-300x267.png 300w\" sizes=\"auto, (max-width: 450px) 100vw, 450px\" \/><\/div><\/figure><style>.vcex-heading.vcex_69f49208f1a54{color:var(--wpex-palette-4802-color);font-size:22px;font-weight:500;}<\/style><div class=\"vcex-heading vcex-heading-plain vcex-module wpex-heading wpex-text-2xl wpex-mb-10 wpex-text-center vcex_69f49208f1a54\"><span class=\"vcex-heading-inner wpex-inline-block\">Escriu-nos per WhatsApp<\/span><\/div><style>.vcex-heading.vcex_69f49208f2398{width:350px;color:var(--wpex-palette-4802-color);font-size:16px;font-weight:300;}<\/style><div class=\"vcex-heading vcex-heading-plain vcex-module wpex-heading wpex-text-2xl wpex-mb-25 wpex-text-center wpex-max-w-100 wpex-mx-auto vcex_69f49208f2398\"><span class=\"vcex-heading-inner wpex-inline-block\">Truca de dilluns a dijous de 9.00h a 18.00h i divendres fins a les 17:00h<\/span><\/div><style>.vcex-button.vcex_69f49208f2ea4:hover{background:var(--wpex-palette-4802-color)!important;color:var(--wpex-palette-4734-color)!important;}.vcex-button.vcex_69f49208f2ea4{color:var(--wpex-palette-4802-color)!important;border:1px solid #35808A;font-size:16px;font-weight:400;text-transform:uppercase;}<\/style><div class=\"theme-button-wrap textcenter wpex-clr\"><a href=\"https:\/\/wa.me\/648503096\" class=\"vcex-button theme-button minimal-border align-center inline vcex_69f49208f2ea4\" title=\"Purchase Total\" target=\"_blank\" rel=\"nofollow noopener noreferrer\"><span class=\"vcex-button-inner theme-button-inner wpex-flex wpex-flex-wrap wpex-items-center wpex-justify-center\">Enviar whatsapp<span class=\"vcex-button-icon vcex-icon-wrap theme-button-icon-right\"><span class=\"wpex-icon wpex-icon--bidi\" aria-hidden=\"true\"><svg xmlns=\"http:\/\/www.w3.org\/2000\/svg\" viewBox=\"0 0 320 512\"><path d=\"M278.6 233.4c12.5 12.5 12.5 32.8 0 45.3l-160 160c-12.5 12.5-32.8 12.5-45.3 0s-12.5-32.8 0-45.3L210.7 256 73.4 118.6c-12.5-12.5-12.5-32.8 0-45.3s32.8-12.5 45.3 0l160 160z\"\/><\/svg><\/span><\/span><\/span><\/a><\/div> <\/div><\/div><\/div><\/div><\/div>\r\n<\/div>[\/vc_column][\/vc_row]\n<\/div>","protected":false},"excerpt":{"rendered":"Triar una asseguran\u00e7a per a la teva empresa no va de \u201ccontractar alguna cosa i llest\u201d. Va de protegir la continu\u00eftat del negoci quan ocorre el que ning\u00fa vol: un error professional que deriva en reclamaci\u00f3, un robatori, un incendi, un ciberatac, un impagament rellevant o un sinistre que paralitza l'activitat. I quan arriba aquest&hellip;","protected":false},"author":1,"featured_media":0,"parent":0,"menu_order":0,"comment_status":"closed","ping_status":"closed","template":"","meta":{"_joinchat":[],"footnotes":""},"class_list":["post-7737","page","type-page","status-publish","hentry","entry","has-media"],"yoast_head":"<!-- This site is optimized with the Yoast SEO plugin v26.9 - https:\/\/yoast.com\/product\/yoast-seo-wordpress\/ -->\n<title>Blog - Asap Risk<\/title>\n<meta name=\"robots\" content=\"index, follow, max-snippet:-1, max-image-preview:large, max-video-preview:-1\" \/>\n<link rel=\"canonical\" href=\"https:\/\/www.asaprisk.com\/ca\/blog\/\" \/>\n<meta property=\"og:locale\" content=\"ca_ES\" \/>\n<meta property=\"og:type\" content=\"article\" \/>\n<meta property=\"og:title\" content=\"Blog - Asap Risk\" \/>\n<meta property=\"og:url\" content=\"https:\/\/www.asaprisk.com\/ca\/blog\/\" \/>\n<meta property=\"og:site_name\" content=\"Asap Risk\" \/>\n<meta property=\"article:modified_time\" content=\"2026-02-10T10:48:12+00:00\" \/>\n<meta name=\"twitter:card\" content=\"summary_large_image\" \/>\n<meta name=\"twitter:label1\" content=\"Temps estimat de lectura\" \/>\n\t<meta name=\"twitter:data1\" content=\"1 minut\" \/>\n<script type=\"application\/ld+json\" class=\"yoast-schema-graph\">{\"@context\":\"https:\/\/schema.org\",\"@graph\":[{\"@type\":\"WebPage\",\"@id\":\"https:\/\/www.asaprisk.com\/ca\/blog\/\",\"url\":\"https:\/\/www.asaprisk.com\/ca\/blog\/\",\"name\":\"Blog - Asap Risk\",\"isPartOf\":{\"@id\":\"https:\/\/www.asaprisk.com\/#website\"},\"datePublished\":\"2026-02-05T13:04:57+00:00\",\"dateModified\":\"2026-02-10T10:48:12+00:00\",\"breadcrumb\":{\"@id\":\"https:\/\/www.asaprisk.com\/ca\/blog\/#breadcrumb\"},\"inLanguage\":\"ca\",\"potentialAction\":[{\"@type\":\"ReadAction\",\"target\":[\"https:\/\/www.asaprisk.com\/ca\/blog\/\"]}]},{\"@type\":\"BreadcrumbList\",\"@id\":\"https:\/\/www.asaprisk.com\/ca\/blog\/#breadcrumb\",\"itemListElement\":[{\"@type\":\"ListItem\",\"position\":1,\"name\":\"Home\",\"item\":\"https:\/\/www.asaprisk.com\/ca\/\"},{\"@type\":\"ListItem\",\"position\":2,\"name\":\"Blog\"}]},{\"@type\":\"WebSite\",\"@id\":\"https:\/\/www.asaprisk.com\/#website\",\"url\":\"https:\/\/www.asaprisk.com\/\",\"name\":\"Asap Risk\",\"description\":\"La teva corredoria d\u2019assegurances. El teu partner.\",\"publisher\":{\"@id\":\"https:\/\/www.asaprisk.com\/#organization\"},\"potentialAction\":[{\"@type\":\"SearchAction\",\"target\":{\"@type\":\"EntryPoint\",\"urlTemplate\":\"https:\/\/www.asaprisk.com\/?s={search_term_string}\"},\"query-input\":{\"@type\":\"PropertyValueSpecification\",\"valueRequired\":true,\"valueName\":\"search_term_string\"}}],\"inLanguage\":\"ca\"},{\"@type\":\"Organization\",\"@id\":\"https:\/\/www.asaprisk.com\/#organization\",\"name\":\"Asap Risk\",\"url\":\"https:\/\/www.asaprisk.com\/\",\"logo\":{\"@type\":\"ImageObject\",\"inLanguage\":\"ca\",\"@id\":\"https:\/\/www.asaprisk.com\/#\/schema\/logo\/image\/\",\"url\":\"https:\/\/www.asaprisk.com\/wp-content\/uploads\/2025\/10\/logo-blanc.png\",\"contentUrl\":\"https:\/\/www.asaprisk.com\/wp-content\/uploads\/2025\/10\/logo-blanc.png\",\"width\":2218,\"height\":346,\"caption\":\"Asap Risk\"},\"image\":{\"@id\":\"https:\/\/www.asaprisk.com\/#\/schema\/logo\/image\/\"}}]}<\/script>\n<!-- \/ Yoast SEO plugin. -->","yoast_head_json":{"title":"Blog - Asap Risk","robots":{"index":"index","follow":"follow","max-snippet":"max-snippet:-1","max-image-preview":"max-image-preview:large","max-video-preview":"max-video-preview:-1"},"canonical":"https:\/\/www.asaprisk.com\/ca\/blog\/","og_locale":"ca_ES","og_type":"article","og_title":"Blog - Asap Risk","og_url":"https:\/\/www.asaprisk.com\/ca\/blog\/","og_site_name":"Asap Risk","article_modified_time":"2026-02-10T10:48:12+00:00","twitter_card":"summary_large_image","twitter_misc":{"Temps estimat de lectura":"1 minut"},"schema":{"@context":"https:\/\/schema.org","@graph":[{"@type":"WebPage","@id":"https:\/\/www.asaprisk.com\/ca\/blog\/","url":"https:\/\/www.asaprisk.com\/ca\/blog\/","name":"Blog - Asap Risk","isPartOf":{"@id":"https:\/\/www.asaprisk.com\/#website"},"datePublished":"2026-02-05T13:04:57+00:00","dateModified":"2026-02-10T10:48:12+00:00","breadcrumb":{"@id":"https:\/\/www.asaprisk.com\/ca\/blog\/#breadcrumb"},"inLanguage":"ca","potentialAction":[{"@type":"ReadAction","target":["https:\/\/www.asaprisk.com\/ca\/blog\/"]}]},{"@type":"BreadcrumbList","@id":"https:\/\/www.asaprisk.com\/ca\/blog\/#breadcrumb","itemListElement":[{"@type":"ListItem","position":1,"name":"Home","item":"https:\/\/www.asaprisk.com\/ca\/"},{"@type":"ListItem","position":2,"name":"Blog"}]},{"@type":"WebSite","@id":"https:\/\/www.asaprisk.com\/#website","url":"https:\/\/www.asaprisk.com\/","name":"Asap Risk","description":"La teva corredoria d\u2019assegurances. El teu partner.","publisher":{"@id":"https:\/\/www.asaprisk.com\/#organization"},"potentialAction":[{"@type":"SearchAction","target":{"@type":"EntryPoint","urlTemplate":"https:\/\/www.asaprisk.com\/?s={search_term_string}"},"query-input":{"@type":"PropertyValueSpecification","valueRequired":true,"valueName":"search_term_string"}}],"inLanguage":"ca"},{"@type":"Organization","@id":"https:\/\/www.asaprisk.com\/#organization","name":"Asap Risk","url":"https:\/\/www.asaprisk.com\/","logo":{"@type":"ImageObject","inLanguage":"ca","@id":"https:\/\/www.asaprisk.com\/#\/schema\/logo\/image\/","url":"https:\/\/www.asaprisk.com\/wp-content\/uploads\/2025\/10\/logo-blanc.png","contentUrl":"https:\/\/www.asaprisk.com\/wp-content\/uploads\/2025\/10\/logo-blanc.png","width":2218,"height":346,"caption":"Asap Risk"},"image":{"@id":"https:\/\/www.asaprisk.com\/#\/schema\/logo\/image\/"}}]}},"_links":{"self":[{"href":"https:\/\/www.asaprisk.com\/ca\/wp-json\/wp\/v2\/pages\/7737","targetHints":{"allow":["GET"]}}],"collection":[{"href":"https:\/\/www.asaprisk.com\/ca\/wp-json\/wp\/v2\/pages"}],"about":[{"href":"https:\/\/www.asaprisk.com\/ca\/wp-json\/wp\/v2\/types\/page"}],"author":[{"embeddable":true,"href":"https:\/\/www.asaprisk.com\/ca\/wp-json\/wp\/v2\/users\/1"}],"replies":[{"embeddable":true,"href":"https:\/\/www.asaprisk.com\/ca\/wp-json\/wp\/v2\/comments?post=7737"}],"version-history":[{"count":3,"href":"https:\/\/www.asaprisk.com\/ca\/wp-json\/wp\/v2\/pages\/7737\/revisions"}],"predecessor-version":[{"id":7861,"href":"https:\/\/www.asaprisk.com\/ca\/wp-json\/wp\/v2\/pages\/7737\/revisions\/7861"}],"wp:attachment":[{"href":"https:\/\/www.asaprisk.com\/ca\/wp-json\/wp\/v2\/media?parent=7737"}],"curies":[{"name":"wp","href":"https:\/\/api.w.org\/{rel}","templated":true}]}}