{"id":7523,"date":"2025-11-07T10:25:35","date_gmt":"2025-11-07T10:25:35","guid":{"rendered":"https:\/\/www.asaprisk.com\/?page_id=7523"},"modified":"2025-11-07T10:27:25","modified_gmt":"2025-11-07T10:27:25","slug":"gracias","status":"publish","type":"page","link":"https:\/\/www.asaprisk.com\/ca\/gracias\/","title":{"rendered":"Gr\u00e0cies"},"content":{"rendered":"<div class=\"wpb-content-wrapper\">[vc_section css=&#8221;.vc_custom_1743764010729{padding-top: 80px !important;padding-bottom: 60px !important;}&#8221; local_scroll_id=&#8221;formulari&#8221; el_id=&#8221;formulari&#8221;][vc_row][vc_column wpex_shadow=&#8221;shadow-2xl&#8221; css=&#8221;.vc_custom_1743766084499{margin-top: -150px !important;padding-top: 60px !important;padding-right: 60px !important;padding-bottom: 60px !important;padding-left: 60px !important;background-color: #ffffff !important;}&#8221; el_class=&#8221;caixa-contacte&#8221;]<style>.vcex-heading.vcex_69f47e8c8c663{font-size:28px;font-weight:300;text-transform:uppercase;}<\/style><h3 class=\"vcex-heading vcex-heading-plain vcex-module wpex-heading wpex-text-2xl wpex-mb-15 wpex-text-center vcex_69f47e8c8c663\"><span class=\"vcex-heading-inner wpex-inline-block\">Moltes Gr\u00e0cies.<br \/>En breus et contactarem.<\/span><\/h3>[\/vc_column][\/vc_row][vc_row][vc_column]<div class=\"templatera_shortcode\"><style type=\"text\/css\" data-type=\"vc_shortcodes-custom-css\">.vc_custom_1754640479538{border-top-width: 1px !important;padding-top: 80px !important;padding-bottom: 80px !important;border-top-style: solid !important;border-color: rgba(0,0,0,0.1) !important;}<\/style><div id=\"nuestras-soluciones\" class=\"vc_section vc_custom_1754640479538 wpex-vc-full-width-section wpex-relative wpex-vc_section-has-fill wpex-vc-reset-negative-margin\" data-ls_id=\"#nuestras-soluciones\" tabindex=\"-1\"><div class=\"vc_row wpb_row vc_row-fluid wpb_animate_when_almost_visible wpb_fadeInUp fadeInUp vc_column-gap-20 wpex-relative wpex-vc-has-custom-column-spacing wpex-vc-column-spacing-0px no-bottom-margins\"><div class=\"wpb_column vc_column_container vc_col-sm-12\"><div class=\"vc_column-inner\"><div class=\"wpb_wrapper\"><style>.vcex-heading.vcex_69f47e8c92f21{color:var(--wpex-palette-4792-color);font-size:28px;font-weight:200;text-transform:uppercase;}<\/style><h2 class=\"vcex-heading vcex-heading-plain vcex-module wpex-heading wpex-text-2xl wpex-mt-0 wpex-mb-25 wpex-text-center vcex_69f47e8c92f21\"><span class=\"vcex-heading-inner wpex-inline-block\">Descubre nuestras soluciones<\/span><\/h2><\/div><\/div><\/div><\/div><div class=\"vc_row wpb_row vc_row-fluid wpb_animate_when_almost_visible wpb_fadeInLeft fadeInLeft vc_column-gap-35 vc_row-o-equal-height vc_row-o-content-middle vc_row-flex wpex-relative wpex-vc-has-custom-column-spacing wpex-vc-column-spacing-0px wpex-vc_row-mx-auto no-bottom-margins\" style=\"max-width:1500px;\"><div data-vc-parallax=\"1.5\" data-vc-parallax-image=\"https:\/\/www.asaprisk.com\/wp-content\/uploads\/2025\/04\/img-serveis-home-1.jpg\" class=\"wpb_column vc_column_container vc_col-sm-6 wpex-vc_col-has-fill vc_general vc_parallax vc_parallax-content-moving\"><div style=\"min-height:360px;\" class=\"vc_column-inner\"><div class=\"wpb_wrapper\"><\/div><\/div><\/div><div class=\"wpb_column caixa-serveis-home vc_column_container vc_col-sm-6\"><div class=\"vc_column-inner\"><div class=\"wpb_wrapper\"><style>.vcex-heading.vcex_69f47e8c94c1b{color:var(--wpex-palette-4734-color);font-size:26px;}<\/style><h2 class=\"vcex-heading vcex-heading-plain vcex-module wpex-heading wpex-text-2xl wpex-mt-0 wpex-mb-15 wpex-text-left vcex_69f47e8c94c1b\"><span class=\"vcex-heading-inner wpex-inline-block\">Seguros para empresas<\/span><\/h2>\n\t<div style=\"color:var(--wpex-palette-4734-color);font-size:16px;\" class=\"wpb_text_column has-custom-color wpex-child-inherit-color wpb_content_element\" >\n\t\t<div class=\"wpb_wrapper\">\n\t\t\t<p>Cada empresa enfrenta riesgos \u00fanicos. En Asap Risk, ofrecemos soluciones aseguradoras dise\u00f1adas a medida para proteger activos, empleados y operaciones, asegurando la continuidad del negocio con las mejores coberturas del mercado.<\/p>\n\n\t\t<\/div>\n\t<\/div>\n<div class=\"vcex-spacing wpex-w-100 wpex-clear\"><\/div><style>.vcex-button.vcex_69f47e8c9630d:hover{background:var(--wpex-palette-4734-color)!important;color:var(--wpex-palette-4802-color)!important;}.vcex-button.vcex_69f47e8c9630d{color:var(--wpex-palette-4734-color)!important;border:1px solid #ffffff;font-size:15px;}<\/style><a href=\"\/seguros-para-empresas\/\" class=\"vcex-button theme-button minimal-border align-left inline vcex_69f47e8c9630d\"><span class=\"vcex-button-inner theme-button-inner wpex-flex wpex-flex-wrap wpex-items-center wpex-justify-center\">M\u00e1s informaci\u00f3n<span class=\"vcex-button-icon vcex-icon-wrap theme-button-icon-right\"><span class=\"wpex-icon wpex-icon--bidi\" aria-hidden=\"true\"><svg xmlns=\"http:\/\/www.w3.org\/2000\/svg\" viewBox=\"0 0 320 512\"><path d=\"M278.6 233.4c12.5 12.5 12.5 32.8 0 45.3l-160 160c-12.5 12.5-32.8 12.5-45.3 0s-12.5-32.8 0-45.3L210.7 256 73.4 118.6c-12.5-12.5-12.5-32.8 0-45.3s32.8-12.5 45.3 0l160 160z\"\/><\/svg><\/span><\/span><\/span><\/a> <\/div><\/div><\/div><\/div><div class=\"vc_row wpb_row vc_row-fluid wpb_animate_when_almost_visible wpb_fadeInRight fadeInRight vc_column-gap-35 vc_row-o-equal-height vc_row-o-content-middle vc_row-flex wpex-relative wpex-vc-has-custom-column-spacing wpex-vc-column-spacing-0px wpex-vc_row-mx-auto no-bottom-margins wpex-cols-right\" style=\"max-width:1500px;\"><div data-vc-parallax=\"1.5\" data-vc-parallax-image=\"https:\/\/www.asaprisk.com\/wp-content\/uploads\/2025\/04\/img-serveis-home-2-1.jpg\" class=\"wpb_column vc_column_container vc_col-sm-6 wpex-vc_col-has-fill vc_general vc_parallax vc_parallax-content-moving\"><div style=\"min-height:360px;\" class=\"vc_column-inner\"><div class=\"wpb_wrapper\"><\/div><\/div><\/div><div class=\"wpb_column caixa-serveis-home vc_column_container vc_col-sm-6\"><div class=\"vc_column-inner\"><div class=\"wpb_wrapper\"><style>.vcex-heading.vcex_69f47e8c984a3{color:var(--wpex-palette-4734-color);font-size:26px;}<\/style><h2 class=\"vcex-heading vcex-heading-plain vcex-module wpex-heading wpex-text-2xl wpex-mt-0 wpex-mb-15 wpex-text-left vcex_69f47e8c984a3\"><span class=\"vcex-heading-inner wpex-inline-block\">Seguros para aut\u00f3nomos<\/span><\/h2>\n\t<div style=\"color:var(--wpex-palette-4734-color);font-size:16px;\" class=\"wpb_text_column has-custom-color wpex-child-inherit-color wpb_content_element\" >\n\t\t<div class=\"wpb_wrapper\">\n\t\t\t<p>Tu tranquilidad es nuestra prioridad. Desde seguros de hogar y autom\u00f3vil hasta protecci\u00f3n personal y de salud, en Asap Risk te ayudamos a encontrar la mejor cobertura para que vivas con seguridad y sin preocupaciones.<\/p>\n\n\t\t<\/div>\n\t<\/div>\n<div class=\"vcex-spacing wpex-w-100 wpex-clear\"><\/div><style>.vcex-button.vcex_69f47e8c99c27:hover{background:var(--wpex-palette-4734-color)!important;color:var(--wpex-palette-4802-color)!important;}.vcex-button.vcex_69f47e8c99c27{color:var(--wpex-palette-4734-color)!important;border:1px solid #ffffff;font-size:15px;}<\/style><a href=\"\/seguros-para-autonomos\/\" class=\"vcex-button theme-button minimal-border align-left inline vcex_69f47e8c99c27\"><span class=\"vcex-button-inner theme-button-inner wpex-flex wpex-flex-wrap wpex-items-center wpex-justify-center\">M\u00e1s informaci\u00f3n<span class=\"vcex-button-icon vcex-icon-wrap theme-button-icon-right\"><span class=\"wpex-icon wpex-icon--bidi\" aria-hidden=\"true\"><svg xmlns=\"http:\/\/www.w3.org\/2000\/svg\" viewBox=\"0 0 320 512\"><path d=\"M278.6 233.4c12.5 12.5 12.5 32.8 0 45.3l-160 160c-12.5 12.5-32.8 12.5-45.3 0s-12.5-32.8 0-45.3L210.7 256 73.4 118.6c-12.5-12.5-12.5-32.8 0-45.3s32.8-12.5 45.3 0l160 160z\"\/><\/svg><\/span><\/span><\/span><\/a> <\/div><\/div><\/div><\/div><div class=\"vc_row wpb_row vc_row-fluid wpb_animate_when_almost_visible wpb_fadeInLeft fadeInLeft vc_column-gap-35 vc_row-o-equal-height vc_row-o-content-middle vc_row-flex wpex-relative wpex-vc-has-custom-column-spacing wpex-vc-column-spacing-0px wpex-vc_row-mx-auto no-bottom-margins\" style=\"max-width:1500px;\"><div data-vc-parallax=\"1.5\" data-vc-parallax-image=\"https:\/\/www.asaprisk.com\/wp-content\/uploads\/2025\/04\/img-serveis-home-3-1.jpg\" class=\"wpb_column vc_column_container vc_col-sm-6 wpex-vc_col-has-fill vc_general vc_parallax vc_parallax-content-moving\"><div style=\"min-height:360px;\" class=\"vc_column-inner\"><div class=\"wpb_wrapper\"><\/div><\/div><\/div><div class=\"wpb_column caixa-serveis-home vc_column_container vc_col-sm-6\"><div class=\"vc_column-inner\"><div class=\"wpb_wrapper\"><style>.vcex-heading.vcex_69f47e8c9b251{color:var(--wpex-palette-4734-color);font-size:26px;}<\/style><h2 class=\"vcex-heading vcex-heading-plain vcex-module wpex-heading wpex-text-2xl wpex-mt-0 wpex-mb-15 wpex-text-left vcex_69f47e8c9b251\"><span class=\"vcex-heading-inner wpex-inline-block\">Seguros para particulares<\/span><\/h2>\n\t<div style=\"color:var(--wpex-palette-4734-color);font-size:16px;\" class=\"wpb_text_column has-custom-color wpex-child-inherit-color wpb_content_element\" >\n\t\t<div class=\"wpb_wrapper\">\n\t\t\t<p>Ser aut\u00f3nomo implica asumir riesgos, pero no tienes que hacerlo solo. En Asap Risk, te ofrecemos seguros adaptados a tu actividad, protegi\u00e9ndote ante imprevistos para que puedas centrarte en hacer crecer tu negocio con total tranquilidad.<\/p>\n\n\t\t<\/div>\n\t<\/div>\n<div class=\"vcex-spacing wpex-w-100 wpex-clear\"><\/div><style>.vcex-button.vcex_69f47e8c9c2e7:hover{background:var(--wpex-palette-4734-color)!important;color:var(--wpex-palette-4802-color)!important;}.vcex-button.vcex_69f47e8c9c2e7{color:var(--wpex-palette-4734-color)!important;border:1px solid #ffffff;font-size:15px;}<\/style><a href=\"\/seguros-para-particulares\/\" class=\"vcex-button theme-button minimal-border align-left inline vcex_69f47e8c9c2e7\"><span class=\"vcex-button-inner theme-button-inner wpex-flex wpex-flex-wrap wpex-items-center wpex-justify-center\">M\u00e1s informaci\u00f3n<span class=\"vcex-button-icon vcex-icon-wrap theme-button-icon-right\"><span class=\"wpex-icon wpex-icon--bidi\" aria-hidden=\"true\"><svg xmlns=\"http:\/\/www.w3.org\/2000\/svg\" viewBox=\"0 0 320 512\"><path d=\"M278.6 233.4c12.5 12.5 12.5 32.8 0 45.3l-160 160c-12.5 12.5-32.8 12.5-45.3 0s-12.5-32.8 0-45.3L210.7 256 73.4 118.6c-12.5-12.5-12.5-32.8 0-45.3s32.8-12.5 45.3 0l160 160z\"\/><\/svg><\/span><\/span><\/span><\/a> <\/div><\/div><\/div><\/div><\/div><\/div>[\/vc_column][\/vc_row][\/vc_section][vc_row remove_bottom_col_margin=&#8221;true&#8221;][vc_column]<div class=\"templatera_shortcode\"><style type=\"text\/css\" data-type=\"vc_shortcodes-custom-css\">.vc_custom_1743671991442{padding-top: 60px !important;padding-bottom: 60px !important;}.vc_custom_1759141758494{padding-bottom: 15px !important;}<\/style><div class=\"vc_section degradat-cta vc_custom_1743671991442 wpex-vc-full-width-section wpex-vc-full-width-section--centered wpex-relative\"><div class=\"vc_row wpb_row vc_row-fluid vc_column-gap-25 wpex-relative wpex-vc-has-custom-column-spacing wpex-vc-column-spacing-0px no-bottom-margins\"><div class=\"wpb_column vc_column_container vc_col-sm-12\"><div class=\"vc_column-inner\"><div class=\"wpb_wrapper\"><style>.vcex-heading.vcex_69f47e8c9fbb9{color:var(--wpex-palette-4802-color);font-size:34px;font-weight:400;}<\/style><h2 class=\"vcex-heading vcex-heading-plain vcex-module wpex-heading wpex-text-2xl wpex-mb-20 wpex-text-center vc_custom_1759141758494 vcex_69f47e8c9fbb9\"><span class=\"vcex-heading-inner wpex-inline-block\">Tens dubtes? Pregunta'ns<\/span><\/h2><\/div><\/div><\/div><\/div><div class=\"vc_row wpb_row vc_row-fluid vc_column-gap-25 vc_row-o-equal-height vc_row-flex wpex-relative wpex-vc-has-custom-column-spacing wpex-vc-column-spacing-0px no-bottom-margins\"><div class=\"wpb_column vc_column_container vc_col-sm-6\"><div class=\"vc_column-inner\"><div class=\"wpb_wrapper\"><div class=\"vcex-spacing wpex-w-100 wpex-clear hidden-phone\"><\/div><style>.vcex-image.vcex_69f47e8ca0e98 .vcex-image-inner{max-width:100px;}<\/style><figure class=\"vcex-image vcex-module wpex-mb-20 wpex-text-center vcex_69f47e8ca0e98\"><div class=\"vcex-image-inner wpex-relative wpex-inline-block\"><img width=\"450\" height=\"400\" src=\"https:\/\/www.asaprisk.com\/wp-content\/uploads\/2025\/04\/icones-cta-call-1.png\" class=\"vcex-image-img wpex-align-middle\" alt=\"\" loading=\"lazy\" decoding=\"async\" srcset=\"https:\/\/www.asaprisk.com\/wp-content\/uploads\/2025\/04\/icones-cta-call-1.png 450w, https:\/\/www.asaprisk.com\/wp-content\/uploads\/2025\/04\/icones-cta-call-1-300x267.png 300w\" sizes=\"auto, (max-width: 450px) 100vw, 450px\" \/><\/div><\/figure><style>.vcex-heading.vcex_69f47e8ca3169{color:var(--wpex-palette-4802-color);font-size:22px;font-weight:500;}<\/style><div class=\"vcex-heading vcex-heading-plain vcex-module wpex-heading wpex-text-2xl wpex-mb-10 wpex-text-center vcex_69f47e8ca3169\"><span class=\"vcex-heading-inner wpex-inline-block\">Et truquem per tel\u00e8fon?<\/span><\/div><style>.vcex-heading.vcex_69f47e8ca3b10{width:350px;color:var(--wpex-palette-4802-color);font-size:16px;font-weight:300;}<\/style><div class=\"vcex-heading vcex-heading-plain vcex-module wpex-heading wpex-text-2xl wpex-mb-25 wpex-text-center wpex-max-w-100 wpex-mx-auto vcex_69f47e8ca3b10\"><span class=\"vcex-heading-inner wpex-inline-block\">Deixa'ns el teu tel\u00e8fon i ens posarem en contacte amb tu<\/span><\/div><style>.vcex-button.vcex_69f47e8ca45e1:hover{background:var(--wpex-palette-4802-color)!important;color:var(--wpex-palette-4734-color)!important;}.vcex-button.vcex_69f47e8ca45e1{color:var(--wpex-palette-4802-color)!important;border:1px solid #35808A;font-size:16px;font-weight:400;text-transform:uppercase;}<\/style><div class=\"theme-button-wrap textcenter wpex-clr\"><a href=\"#\" class=\"vcex-button theme-button minimal-border align-center inline popup-te-llamamos vcex_69f47e8ca45e1\" title=\"Et truquem per tel\u00e8fon\" target=\"_blank\" rel=\"nofollow noopener noreferrer\"><span class=\"vcex-button-inner theme-button-inner wpex-flex wpex-flex-wrap wpex-items-center wpex-justify-center\">Et truquem gratis<span class=\"vcex-button-icon vcex-icon-wrap theme-button-icon-right\"><span class=\"wpex-icon wpex-icon--bidi\" aria-hidden=\"true\"><svg xmlns=\"http:\/\/www.w3.org\/2000\/svg\" viewBox=\"0 0 320 512\"><path d=\"M278.6 233.4c12.5 12.5 12.5 32.8 0 45.3l-160 160c-12.5 12.5-32.8 12.5-45.3 0s-12.5-32.8 0-45.3L210.7 256 73.4 118.6c-12.5-12.5-12.5-32.8 0-45.3s32.8-12.5 45.3 0l160 160z\"\/><\/svg><\/span><\/span><\/span><\/a><\/div> <div class=\"vcex-column-side-border vcex-column-side-border--right wpex-hidden wpex-md-block wpex-absolute wpex-top-50 wpex-right-0 wpex-max-h-100 wpex-h-100 wpex-w-1px wpex-surface-4 wpex-translate-x-y-50 vcex-right\" style=\"background:var(--wpex-palette-4802-color);\"><\/div><div class=\"vcex-spacing wpex-w-100 wpex-clear\"><\/div><\/div><\/div><\/div><div class=\"wpb_column vc_column_container vc_col-sm-6\"><div class=\"vc_column-inner\"><div class=\"wpb_wrapper\"><div class=\"vcex-spacing wpex-w-100 wpex-clear hidden-phone\"><\/div><style>.vcex-image.vcex_69f47e8ca58e7 .vcex-image-inner{max-width:100px;}<\/style><figure class=\"vcex-image vcex-module wpex-mb-20 wpex-text-center vcex_69f47e8ca58e7\"><div class=\"vcex-image-inner wpex-relative wpex-inline-block\"><img width=\"450\" height=\"400\" src=\"https:\/\/www.asaprisk.com\/wp-content\/uploads\/2025\/04\/icones-cta-whatsapp.png\" class=\"vcex-image-img wpex-align-middle\" alt=\"\" loading=\"lazy\" decoding=\"async\" srcset=\"https:\/\/www.asaprisk.com\/wp-content\/uploads\/2025\/04\/icones-cta-whatsapp.png 450w, https:\/\/www.asaprisk.com\/wp-content\/uploads\/2025\/04\/icones-cta-whatsapp-300x267.png 300w\" sizes=\"auto, (max-width: 450px) 100vw, 450px\" \/><\/div><\/figure><style>.vcex-heading.vcex_69f47e8ca7eed{color:var(--wpex-palette-4802-color);font-size:22px;font-weight:500;}<\/style><div class=\"vcex-heading vcex-heading-plain vcex-module wpex-heading wpex-text-2xl wpex-mb-10 wpex-text-center vcex_69f47e8ca7eed\"><span class=\"vcex-heading-inner wpex-inline-block\">Escriu-nos per WhatsApp<\/span><\/div><style>.vcex-heading.vcex_69f47e8ca8e52{width:350px;color:var(--wpex-palette-4802-color);font-size:16px;font-weight:300;}<\/style><div class=\"vcex-heading vcex-heading-plain vcex-module wpex-heading wpex-text-2xl wpex-mb-25 wpex-text-center wpex-max-w-100 wpex-mx-auto vcex_69f47e8ca8e52\"><span class=\"vcex-heading-inner wpex-inline-block\">Truca de dilluns a dijous de 9.00h a 18.00h i divendres fins a les 17:00h<\/span><\/div><style>.vcex-button.vcex_69f47e8ca9f4c:hover{background:var(--wpex-palette-4802-color)!important;color:var(--wpex-palette-4734-color)!important;}.vcex-button.vcex_69f47e8ca9f4c{color:var(--wpex-palette-4802-color)!important;border:1px solid #35808A;font-size:16px;font-weight:400;text-transform:uppercase;}<\/style><div class=\"theme-button-wrap textcenter wpex-clr\"><a href=\"https:\/\/wa.me\/648503096\" class=\"vcex-button theme-button minimal-border align-center inline vcex_69f47e8ca9f4c\" title=\"Purchase Total\" target=\"_blank\" rel=\"nofollow noopener noreferrer\"><span class=\"vcex-button-inner theme-button-inner wpex-flex wpex-flex-wrap wpex-items-center wpex-justify-center\">Enviar whatsapp<span class=\"vcex-button-icon vcex-icon-wrap theme-button-icon-right\"><span class=\"wpex-icon wpex-icon--bidi\" aria-hidden=\"true\"><svg xmlns=\"http:\/\/www.w3.org\/2000\/svg\" viewBox=\"0 0 320 512\"><path d=\"M278.6 233.4c12.5 12.5 12.5 32.8 0 45.3l-160 160c-12.5 12.5-32.8 12.5-45.3 0s-12.5-32.8 0-45.3L210.7 256 73.4 118.6c-12.5-12.5-12.5-32.8 0-45.3s32.8-12.5 45.3 0l160 160z\"\/><\/svg><\/span><\/span><\/span><\/a><\/div> <\/div><\/div><\/div><\/div><\/div>\r\n<\/div>[\/vc_column][\/vc_row]\n<\/div>","protected":false},"excerpt":{"rendered":"Moltes Gr\u00e0cies.En breus et contactarem.Descubre nuestras solucionesSeguros para empresas Cada empresa enfrenta riesgos \u00fanicos. En Asap Risk, ofrecemos soluciones aseguradoras dise\u00f1adas a medida para proteger activos, empleados y operaciones, asegurando la continuidad del negocio con las mejores coberturas del mercado. M\u00e1s informaci\u00f3n Seguros para aut\u00f3nomos Tu tranquilidad es nuestra prioridad. Desde seguros de hogar y&hellip;","protected":false},"author":1,"featured_media":0,"parent":0,"menu_order":0,"comment_status":"closed","ping_status":"closed","template":"","meta":{"_joinchat":[],"footnotes":""},"class_list":["post-7523","page","type-page","status-publish","hentry","entry","no-media"],"yoast_head":"<!-- This site is optimized with the Yoast SEO plugin v26.9 - https:\/\/yoast.com\/product\/yoast-seo-wordpress\/ -->\n<title>Gr\u00e0cies - Asap Risk<\/title>\n<meta name=\"robots\" content=\"index, follow, max-snippet:-1, max-image-preview:large, max-video-preview:-1\" \/>\n<link rel=\"canonical\" href=\"https:\/\/www.asaprisk.com\/ca\/gracias\/\" \/>\n<meta property=\"og:locale\" content=\"ca_ES\" \/>\n<meta property=\"og:type\" content=\"article\" \/>\n<meta property=\"og:title\" content=\"Gr\u00e0cies - Asap Risk\" \/>\n<meta property=\"og:url\" content=\"https:\/\/www.asaprisk.com\/ca\/gracias\/\" \/>\n<meta property=\"og:site_name\" content=\"Asap Risk\" \/>\n<meta property=\"article:modified_time\" content=\"2025-11-07T10:27:25+00:00\" \/>\n<meta name=\"twitter:card\" content=\"summary_large_image\" \/>\n<meta name=\"twitter:label1\" content=\"Temps estimat de lectura\" \/>\n\t<meta name=\"twitter:data1\" content=\"2 minuts\" \/>\n<script type=\"application\/ld+json\" class=\"yoast-schema-graph\">{\"@context\":\"https:\/\/schema.org\",\"@graph\":[{\"@type\":\"WebPage\",\"@id\":\"https:\/\/www.asaprisk.com\/ca\/gracias\/\",\"url\":\"https:\/\/www.asaprisk.com\/ca\/gracias\/\",\"name\":\"Gr\u00e0cies - Asap Risk\",\"isPartOf\":{\"@id\":\"https:\/\/www.asaprisk.com\/#website\"},\"datePublished\":\"2025-11-07T10:25:35+00:00\",\"dateModified\":\"2025-11-07T10:27:25+00:00\",\"breadcrumb\":{\"@id\":\"https:\/\/www.asaprisk.com\/ca\/gracias\/#breadcrumb\"},\"inLanguage\":\"ca\",\"potentialAction\":[{\"@type\":\"ReadAction\",\"target\":[\"https:\/\/www.asaprisk.com\/ca\/gracias\/\"]}]},{\"@type\":\"BreadcrumbList\",\"@id\":\"https:\/\/www.asaprisk.com\/ca\/gracias\/#breadcrumb\",\"itemListElement\":[{\"@type\":\"ListItem\",\"position\":1,\"name\":\"Home\",\"item\":\"https:\/\/www.asaprisk.com\/ca\/\"},{\"@type\":\"ListItem\",\"position\":2,\"name\":\"Gr\u00e0cies\"}]},{\"@type\":\"WebSite\",\"@id\":\"https:\/\/www.asaprisk.com\/#website\",\"url\":\"https:\/\/www.asaprisk.com\/\",\"name\":\"Asap Risk\",\"description\":\"La teva corredoria d\u2019assegurances. El teu partner.\",\"publisher\":{\"@id\":\"https:\/\/www.asaprisk.com\/#organization\"},\"potentialAction\":[{\"@type\":\"SearchAction\",\"target\":{\"@type\":\"EntryPoint\",\"urlTemplate\":\"https:\/\/www.asaprisk.com\/?s={search_term_string}\"},\"query-input\":{\"@type\":\"PropertyValueSpecification\",\"valueRequired\":true,\"valueName\":\"search_term_string\"}}],\"inLanguage\":\"ca\"},{\"@type\":\"Organization\",\"@id\":\"https:\/\/www.asaprisk.com\/#organization\",\"name\":\"Asap Risk\",\"url\":\"https:\/\/www.asaprisk.com\/\",\"logo\":{\"@type\":\"ImageObject\",\"inLanguage\":\"ca\",\"@id\":\"https:\/\/www.asaprisk.com\/#\/schema\/logo\/image\/\",\"url\":\"https:\/\/www.asaprisk.com\/wp-content\/uploads\/2025\/10\/logo-blanc.png\",\"contentUrl\":\"https:\/\/www.asaprisk.com\/wp-content\/uploads\/2025\/10\/logo-blanc.png\",\"width\":2218,\"height\":346,\"caption\":\"Asap Risk\"},\"image\":{\"@id\":\"https:\/\/www.asaprisk.com\/#\/schema\/logo\/image\/\"}}]}<\/script>\n<!-- \/ Yoast SEO plugin. -->","yoast_head_json":{"title":"Gr\u00e0cies - Asap Risk","robots":{"index":"index","follow":"follow","max-snippet":"max-snippet:-1","max-image-preview":"max-image-preview:large","max-video-preview":"max-video-preview:-1"},"canonical":"https:\/\/www.asaprisk.com\/ca\/gracias\/","og_locale":"ca_ES","og_type":"article","og_title":"Gr\u00e0cies - Asap Risk","og_url":"https:\/\/www.asaprisk.com\/ca\/gracias\/","og_site_name":"Asap Risk","article_modified_time":"2025-11-07T10:27:25+00:00","twitter_card":"summary_large_image","twitter_misc":{"Temps estimat de lectura":"2 minuts"},"schema":{"@context":"https:\/\/schema.org","@graph":[{"@type":"WebPage","@id":"https:\/\/www.asaprisk.com\/ca\/gracias\/","url":"https:\/\/www.asaprisk.com\/ca\/gracias\/","name":"Gr\u00e0cies - Asap Risk","isPartOf":{"@id":"https:\/\/www.asaprisk.com\/#website"},"datePublished":"2025-11-07T10:25:35+00:00","dateModified":"2025-11-07T10:27:25+00:00","breadcrumb":{"@id":"https:\/\/www.asaprisk.com\/ca\/gracias\/#breadcrumb"},"inLanguage":"ca","potentialAction":[{"@type":"ReadAction","target":["https:\/\/www.asaprisk.com\/ca\/gracias\/"]}]},{"@type":"BreadcrumbList","@id":"https:\/\/www.asaprisk.com\/ca\/gracias\/#breadcrumb","itemListElement":[{"@type":"ListItem","position":1,"name":"Home","item":"https:\/\/www.asaprisk.com\/ca\/"},{"@type":"ListItem","position":2,"name":"Gr\u00e0cies"}]},{"@type":"WebSite","@id":"https:\/\/www.asaprisk.com\/#website","url":"https:\/\/www.asaprisk.com\/","name":"Asap Risk","description":"La teva corredoria d\u2019assegurances. El teu partner.","publisher":{"@id":"https:\/\/www.asaprisk.com\/#organization"},"potentialAction":[{"@type":"SearchAction","target":{"@type":"EntryPoint","urlTemplate":"https:\/\/www.asaprisk.com\/?s={search_term_string}"},"query-input":{"@type":"PropertyValueSpecification","valueRequired":true,"valueName":"search_term_string"}}],"inLanguage":"ca"},{"@type":"Organization","@id":"https:\/\/www.asaprisk.com\/#organization","name":"Asap Risk","url":"https:\/\/www.asaprisk.com\/","logo":{"@type":"ImageObject","inLanguage":"ca","@id":"https:\/\/www.asaprisk.com\/#\/schema\/logo\/image\/","url":"https:\/\/www.asaprisk.com\/wp-content\/uploads\/2025\/10\/logo-blanc.png","contentUrl":"https:\/\/www.asaprisk.com\/wp-content\/uploads\/2025\/10\/logo-blanc.png","width":2218,"height":346,"caption":"Asap Risk"},"image":{"@id":"https:\/\/www.asaprisk.com\/#\/schema\/logo\/image\/"}}]}},"_links":{"self":[{"href":"https:\/\/www.asaprisk.com\/ca\/wp-json\/wp\/v2\/pages\/7523","targetHints":{"allow":["GET"]}}],"collection":[{"href":"https:\/\/www.asaprisk.com\/ca\/wp-json\/wp\/v2\/pages"}],"about":[{"href":"https:\/\/www.asaprisk.com\/ca\/wp-json\/wp\/v2\/types\/page"}],"author":[{"embeddable":true,"href":"https:\/\/www.asaprisk.com\/ca\/wp-json\/wp\/v2\/users\/1"}],"replies":[{"embeddable":true,"href":"https:\/\/www.asaprisk.com\/ca\/wp-json\/wp\/v2\/comments?post=7523"}],"version-history":[{"count":2,"href":"https:\/\/www.asaprisk.com\/ca\/wp-json\/wp\/v2\/pages\/7523\/revisions"}],"predecessor-version":[{"id":7531,"href":"https:\/\/www.asaprisk.com\/ca\/wp-json\/wp\/v2\/pages\/7523\/revisions\/7531"}],"wp:attachment":[{"href":"https:\/\/www.asaprisk.com\/ca\/wp-json\/wp\/v2\/media?parent=7523"}],"curies":[{"name":"wp","href":"https:\/\/api.w.org\/{rel}","templated":true}]}}