{"id":6519,"date":"2025-05-21T07:22:52","date_gmt":"2025-05-21T07:22:52","guid":{"rendered":"https:\/\/www.asaprisk.com\/en-construccion\/"},"modified":"2025-09-29T09:56:26","modified_gmt":"2025-09-29T09:56:26","slug":"en-construccio","status":"publish","type":"page","link":"https:\/\/www.asaprisk.com\/ca\/en-construccio\/","title":{"rendered":"En construcci\u00f3"},"content":{"rendered":"<div class=\"wpb-content-wrapper\">[vc_row remove_bottom_col_margin=&#8221;true&#8221; css=&#8221;.vc_custom_1743589655457{padding-top: 80px !important;padding-bottom: 80px !important;}&#8221;][vc_column]<style>.vcex-heading.vcex_69fb2ed434449{font-size:38px;}<\/style><h3 class=\"vcex-heading vcex-heading-plain vcex-module wpex-heading wpex-text-2xl wpex-mb-25 wpex-text-center vcex_69fb2ed434449\"><span class=\"vcex-heading-inner wpex-inline-block\">P\u00e0gina en construcci\u00f3<\/span><\/h3>[vc_column_text css=&#8221;&#8221; text_align=&#8221;center&#8221; font_size=&#8221;17px&#8221;]Estem actualitzant i creant nous continguts. Molt aviat aquesta p\u00e0gina estar\u00e0 activa.[\/vc_column_text][\/vc_column][\/vc_row][vc_row remove_bottom_col_margin=&#8221;true&#8221;][vc_column]<div class=\"templatera_shortcode\"><style type=\"text\/css\" data-type=\"vc_shortcodes-custom-css\">.vc_custom_1743671991442{padding-top: 60px !important;padding-bottom: 60px !important;}.vc_custom_1759141758494{padding-bottom: 15px !important;}<\/style><div class=\"vc_section degradat-cta vc_custom_1743671991442 wpex-vc-full-width-section wpex-vc-full-width-section--centered wpex-relative\"><div class=\"vc_row wpb_row vc_row-fluid vc_column-gap-25 wpex-relative wpex-vc-has-custom-column-spacing wpex-vc-column-spacing-0px no-bottom-margins\"><div class=\"wpb_column vc_column_container vc_col-sm-12\"><div class=\"vc_column-inner\"><div class=\"wpb_wrapper\"><style>.vcex-heading.vcex_69fb2ed438c17{color:var(--wpex-palette-4802-color);font-size:34px;font-weight:400;}<\/style><h2 class=\"vcex-heading vcex-heading-plain vcex-module wpex-heading wpex-text-2xl wpex-mb-20 wpex-text-center vc_custom_1759141758494 vcex_69fb2ed438c17\"><span class=\"vcex-heading-inner wpex-inline-block\">Tens dubtes? Pregunta'ns<\/span><\/h2><\/div><\/div><\/div><\/div><div class=\"vc_row wpb_row vc_row-fluid vc_column-gap-25 vc_row-o-equal-height vc_row-flex wpex-relative wpex-vc-has-custom-column-spacing wpex-vc-column-spacing-0px no-bottom-margins\"><div class=\"wpb_column vc_column_container vc_col-sm-6\"><div class=\"vc_column-inner\"><div class=\"wpb_wrapper\"><div class=\"vcex-spacing wpex-w-100 wpex-clear hidden-phone\"><\/div><style>.vcex-image.vcex_69fb2ed439bc2 .vcex-image-inner{max-width:100px;}<\/style><figure class=\"vcex-image vcex-module wpex-mb-20 wpex-text-center vcex_69fb2ed439bc2\"><div class=\"vcex-image-inner wpex-relative wpex-inline-block\"><img width=\"450\" height=\"400\" src=\"https:\/\/www.asaprisk.com\/wp-content\/uploads\/2025\/04\/icones-cta-call-1.png\" class=\"vcex-image-img wpex-align-middle\" alt=\"\" loading=\"lazy\" decoding=\"async\" srcset=\"https:\/\/www.asaprisk.com\/wp-content\/uploads\/2025\/04\/icones-cta-call-1.png 450w, https:\/\/www.asaprisk.com\/wp-content\/uploads\/2025\/04\/icones-cta-call-1-300x267.png 300w\" sizes=\"auto, (max-width: 450px) 100vw, 450px\" \/><\/div><\/figure><style>.vcex-heading.vcex_69fb2ed43bae2{color:var(--wpex-palette-4802-color);font-size:22px;font-weight:500;}<\/style><div class=\"vcex-heading vcex-heading-plain vcex-module wpex-heading wpex-text-2xl wpex-mb-10 wpex-text-center vcex_69fb2ed43bae2\"><span class=\"vcex-heading-inner wpex-inline-block\">Et truquem per tel\u00e8fon?<\/span><\/div><style>.vcex-heading.vcex_69fb2ed43c486{width:350px;color:var(--wpex-palette-4802-color);font-size:16px;font-weight:300;}<\/style><div class=\"vcex-heading vcex-heading-plain vcex-module wpex-heading wpex-text-2xl wpex-mb-25 wpex-text-center wpex-max-w-100 wpex-mx-auto vcex_69fb2ed43c486\"><span class=\"vcex-heading-inner wpex-inline-block\">Deixa'ns el teu tel\u00e8fon i ens posarem en contacte amb tu<\/span><\/div><style>.vcex-button.vcex_69fb2ed43cf5e:hover{background:var(--wpex-palette-4802-color)!important;color:var(--wpex-palette-4734-color)!important;}.vcex-button.vcex_69fb2ed43cf5e{color:var(--wpex-palette-4802-color)!important;border:1px solid #35808A;font-size:16px;font-weight:400;text-transform:uppercase;}<\/style><div class=\"theme-button-wrap textcenter wpex-clr\"><a href=\"#\" class=\"vcex-button theme-button minimal-border align-center inline popup-te-llamamos vcex_69fb2ed43cf5e\" title=\"Et truquem per tel\u00e8fon\" target=\"_blank\" rel=\"nofollow noopener noreferrer\"><span class=\"vcex-button-inner theme-button-inner wpex-flex wpex-flex-wrap wpex-items-center wpex-justify-center\">Et truquem gratis<span class=\"vcex-button-icon vcex-icon-wrap theme-button-icon-right\"><span class=\"wpex-icon wpex-icon--bidi\" aria-hidden=\"true\"><svg xmlns=\"http:\/\/www.w3.org\/2000\/svg\" viewBox=\"0 0 320 512\"><path d=\"M278.6 233.4c12.5 12.5 12.5 32.8 0 45.3l-160 160c-12.5 12.5-32.8 12.5-45.3 0s-12.5-32.8 0-45.3L210.7 256 73.4 118.6c-12.5-12.5-12.5-32.8 0-45.3s32.8-12.5 45.3 0l160 160z\"\/><\/svg><\/span><\/span><\/span><\/a><\/div> <div class=\"vcex-column-side-border vcex-column-side-border--right wpex-hidden wpex-md-block wpex-absolute wpex-right-0 wpex-w-1px wpex-surface-4 wpex-top-50 wpex-max-h-100 wpex-translate-x-y-50 vcex-right\" style=\"background:var(--wpex-palette-4802-color);\"><\/div><div class=\"vcex-spacing wpex-w-100 wpex-clear\"><\/div><\/div><\/div><\/div><div class=\"wpb_column vc_column_container vc_col-sm-6\"><div class=\"vc_column-inner\"><div class=\"wpb_wrapper\"><div class=\"vcex-spacing wpex-w-100 wpex-clear hidden-phone\"><\/div><style>.vcex-image.vcex_69fb2ed43e2b2 .vcex-image-inner{max-width:100px;}<\/style><figure class=\"vcex-image vcex-module wpex-mb-20 wpex-text-center vcex_69fb2ed43e2b2\"><div class=\"vcex-image-inner wpex-relative wpex-inline-block\"><img width=\"450\" height=\"400\" src=\"https:\/\/www.asaprisk.com\/wp-content\/uploads\/2025\/04\/icones-cta-whatsapp.png\" class=\"vcex-image-img wpex-align-middle\" alt=\"\" loading=\"lazy\" decoding=\"async\" srcset=\"https:\/\/www.asaprisk.com\/wp-content\/uploads\/2025\/04\/icones-cta-whatsapp.png 450w, https:\/\/www.asaprisk.com\/wp-content\/uploads\/2025\/04\/icones-cta-whatsapp-300x267.png 300w\" sizes=\"auto, (max-width: 450px) 100vw, 450px\" \/><\/div><\/figure><style>.vcex-heading.vcex_69fb2ed43f695{color:var(--wpex-palette-4802-color);font-size:22px;font-weight:500;}<\/style><div class=\"vcex-heading vcex-heading-plain vcex-module wpex-heading wpex-text-2xl wpex-mb-10 wpex-text-center vcex_69fb2ed43f695\"><span class=\"vcex-heading-inner wpex-inline-block\">Escriu-nos per WhatsApp<\/span><\/div><style>.vcex-heading.vcex_69fb2ed44050c{width:350px;color:var(--wpex-palette-4802-color);font-size:16px;font-weight:300;}<\/style><div class=\"vcex-heading vcex-heading-plain vcex-module wpex-heading wpex-text-2xl wpex-mb-25 wpex-text-center wpex-max-w-100 wpex-mx-auto vcex_69fb2ed44050c\"><span class=\"vcex-heading-inner wpex-inline-block\">Truca de dilluns a dijous de 9.00h a 18.00h i divendres fins a les 17:00h<\/span><\/div><style>.vcex-button.vcex_69fb2ed4415d5:hover{background:var(--wpex-palette-4802-color)!important;color:var(--wpex-palette-4734-color)!important;}.vcex-button.vcex_69fb2ed4415d5{color:var(--wpex-palette-4802-color)!important;border:1px solid #35808A;font-size:16px;font-weight:400;text-transform:uppercase;}<\/style><div class=\"theme-button-wrap textcenter wpex-clr\"><a href=\"https:\/\/wa.me\/648503096\" class=\"vcex-button theme-button minimal-border align-center inline vcex_69fb2ed4415d5\" title=\"Purchase Total\" target=\"_blank\" rel=\"nofollow noopener noreferrer\"><span class=\"vcex-button-inner theme-button-inner wpex-flex wpex-flex-wrap wpex-items-center wpex-justify-center\">Enviar whatsapp<span class=\"vcex-button-icon vcex-icon-wrap theme-button-icon-right\"><span class=\"wpex-icon wpex-icon--bidi\" aria-hidden=\"true\"><svg xmlns=\"http:\/\/www.w3.org\/2000\/svg\" viewBox=\"0 0 320 512\"><path d=\"M278.6 233.4c12.5 12.5 12.5 32.8 0 45.3l-160 160c-12.5 12.5-32.8 12.5-45.3 0s-12.5-32.8 0-45.3L210.7 256 73.4 118.6c-12.5-12.5-12.5-32.8 0-45.3s32.8-12.5 45.3 0l160 160z\"\/><\/svg><\/span><\/span><\/span><\/a><\/div> <\/div><\/div><\/div><\/div><\/div>\r\n<\/div>[\/vc_column][\/vc_row]\n<\/div>","protected":false},"excerpt":{"rendered":"P\u00e0gina en construcci\u00f3 Estem actualitzant i creant nous continguts. Molt aviat aquesta p\u00e0gina estar\u00e0 activa. Tens dubtes? Pregunta'nsEt truquem per tel\u00e8fon?Deixa'ns el teu tel\u00e8fon i ens posarem en contacte amb tuEt truquem gratis Escriu-nos per WhatsAppTruca de dilluns a dijous de 9.00h a 18.00h i divendres fins a les 17:00hEnviar whatsapp","protected":false},"author":1,"featured_media":0,"parent":0,"menu_order":0,"comment_status":"closed","ping_status":"closed","template":"","meta":{"_joinchat":[],"footnotes":""},"class_list":["post-6519","page","type-page","status-publish","hentry","entry","no-media"],"yoast_head":"<!-- This site is optimized with the Yoast SEO plugin v27.5 - https:\/\/yoast.com\/product\/yoast-seo-wordpress\/ -->\n<title>En construcci\u00f3 - Asap Risk<\/title>\n<meta name=\"robots\" content=\"index, follow, max-snippet:-1, max-image-preview:large, max-video-preview:-1\" \/>\n<link rel=\"canonical\" href=\"https:\/\/www.asaprisk.com\/ca\/en-construccio\/\" \/>\n<meta property=\"og:locale\" content=\"ca_ES\" \/>\n<meta property=\"og:type\" content=\"article\" \/>\n<meta property=\"og:title\" content=\"En construcci\u00f3 - Asap Risk\" \/>\n<meta property=\"og:url\" content=\"https:\/\/www.asaprisk.com\/ca\/en-construccio\/\" \/>\n<meta property=\"og:site_name\" content=\"Asap Risk\" \/>\n<meta property=\"article:modified_time\" content=\"2025-09-29T09:56:26+00:00\" \/>\n<meta name=\"twitter:card\" content=\"summary_large_image\" \/>\n<meta name=\"twitter:label1\" content=\"Temps estimat de lectura\" \/>\n\t<meta name=\"twitter:data1\" content=\"1 minut\" \/>\n<script type=\"application\/ld+json\" class=\"yoast-schema-graph\">{\"@context\":\"https:\\\/\\\/schema.org\",\"@graph\":[{\"@type\":\"WebPage\",\"@id\":\"https:\\\/\\\/www.asaprisk.com\\\/ca\\\/en-construccio\\\/\",\"url\":\"https:\\\/\\\/www.asaprisk.com\\\/ca\\\/en-construccio\\\/\",\"name\":\"En construcci\u00f3 - Asap Risk\",\"isPartOf\":{\"@id\":\"https:\\\/\\\/www.asaprisk.com\\\/#website\"},\"datePublished\":\"2025-05-21T07:22:52+00:00\",\"dateModified\":\"2025-09-29T09:56:26+00:00\",\"breadcrumb\":{\"@id\":\"https:\\\/\\\/www.asaprisk.com\\\/ca\\\/en-construccio\\\/#breadcrumb\"},\"inLanguage\":\"ca\",\"potentialAction\":[{\"@type\":\"ReadAction\",\"target\":[\"https:\\\/\\\/www.asaprisk.com\\\/ca\\\/en-construccio\\\/\"]}]},{\"@type\":\"BreadcrumbList\",\"@id\":\"https:\\\/\\\/www.asaprisk.com\\\/ca\\\/en-construccio\\\/#breadcrumb\",\"itemListElement\":[{\"@type\":\"ListItem\",\"position\":1,\"name\":\"Home\",\"item\":\"https:\\\/\\\/www.asaprisk.com\\\/ca\\\/\"},{\"@type\":\"ListItem\",\"position\":2,\"name\":\"En construcci\u00f3\"}]},{\"@type\":\"WebSite\",\"@id\":\"https:\\\/\\\/www.asaprisk.com\\\/#website\",\"url\":\"https:\\\/\\\/www.asaprisk.com\\\/\",\"name\":\"Asap Risk\",\"description\":\"La teva corredoria d\u2019assegurances. El teu partner.\",\"publisher\":{\"@id\":\"https:\\\/\\\/www.asaprisk.com\\\/#organization\"},\"potentialAction\":[{\"@type\":\"SearchAction\",\"target\":{\"@type\":\"EntryPoint\",\"urlTemplate\":\"https:\\\/\\\/www.asaprisk.com\\\/?s={search_term_string}\"},\"query-input\":{\"@type\":\"PropertyValueSpecification\",\"valueRequired\":true,\"valueName\":\"search_term_string\"}}],\"inLanguage\":\"ca\"},{\"@type\":\"Organization\",\"@id\":\"https:\\\/\\\/www.asaprisk.com\\\/#organization\",\"name\":\"Asap Risk\",\"url\":\"https:\\\/\\\/www.asaprisk.com\\\/\",\"logo\":{\"@type\":\"ImageObject\",\"inLanguage\":\"ca\",\"@id\":\"https:\\\/\\\/www.asaprisk.com\\\/#\\\/schema\\\/logo\\\/image\\\/\",\"url\":\"https:\\\/\\\/www.asaprisk.com\\\/wp-content\\\/uploads\\\/2025\\\/10\\\/logo-blanc.png\",\"contentUrl\":\"https:\\\/\\\/www.asaprisk.com\\\/wp-content\\\/uploads\\\/2025\\\/10\\\/logo-blanc.png\",\"width\":2218,\"height\":346,\"caption\":\"Asap Risk\"},\"image\":{\"@id\":\"https:\\\/\\\/www.asaprisk.com\\\/#\\\/schema\\\/logo\\\/image\\\/\"}}]}<\/script>\n<!-- \/ Yoast SEO plugin. -->","yoast_head_json":{"title":"En construcci\u00f3 - Asap Risk","robots":{"index":"index","follow":"follow","max-snippet":"max-snippet:-1","max-image-preview":"max-image-preview:large","max-video-preview":"max-video-preview:-1"},"canonical":"https:\/\/www.asaprisk.com\/ca\/en-construccio\/","og_locale":"ca_ES","og_type":"article","og_title":"En construcci\u00f3 - Asap Risk","og_url":"https:\/\/www.asaprisk.com\/ca\/en-construccio\/","og_site_name":"Asap Risk","article_modified_time":"2025-09-29T09:56:26+00:00","twitter_card":"summary_large_image","twitter_misc":{"Temps estimat de lectura":"1 minut"},"schema":{"@context":"https:\/\/schema.org","@graph":[{"@type":"WebPage","@id":"https:\/\/www.asaprisk.com\/ca\/en-construccio\/","url":"https:\/\/www.asaprisk.com\/ca\/en-construccio\/","name":"En construcci\u00f3 - Asap Risk","isPartOf":{"@id":"https:\/\/www.asaprisk.com\/#website"},"datePublished":"2025-05-21T07:22:52+00:00","dateModified":"2025-09-29T09:56:26+00:00","breadcrumb":{"@id":"https:\/\/www.asaprisk.com\/ca\/en-construccio\/#breadcrumb"},"inLanguage":"ca","potentialAction":[{"@type":"ReadAction","target":["https:\/\/www.asaprisk.com\/ca\/en-construccio\/"]}]},{"@type":"BreadcrumbList","@id":"https:\/\/www.asaprisk.com\/ca\/en-construccio\/#breadcrumb","itemListElement":[{"@type":"ListItem","position":1,"name":"Home","item":"https:\/\/www.asaprisk.com\/ca\/"},{"@type":"ListItem","position":2,"name":"En construcci\u00f3"}]},{"@type":"WebSite","@id":"https:\/\/www.asaprisk.com\/#website","url":"https:\/\/www.asaprisk.com\/","name":"Asap Risk","description":"La teva corredoria d\u2019assegurances. El teu partner.","publisher":{"@id":"https:\/\/www.asaprisk.com\/#organization"},"potentialAction":[{"@type":"SearchAction","target":{"@type":"EntryPoint","urlTemplate":"https:\/\/www.asaprisk.com\/?s={search_term_string}"},"query-input":{"@type":"PropertyValueSpecification","valueRequired":true,"valueName":"search_term_string"}}],"inLanguage":"ca"},{"@type":"Organization","@id":"https:\/\/www.asaprisk.com\/#organization","name":"Asap Risk","url":"https:\/\/www.asaprisk.com\/","logo":{"@type":"ImageObject","inLanguage":"ca","@id":"https:\/\/www.asaprisk.com\/#\/schema\/logo\/image\/","url":"https:\/\/www.asaprisk.com\/wp-content\/uploads\/2025\/10\/logo-blanc.png","contentUrl":"https:\/\/www.asaprisk.com\/wp-content\/uploads\/2025\/10\/logo-blanc.png","width":2218,"height":346,"caption":"Asap Risk"},"image":{"@id":"https:\/\/www.asaprisk.com\/#\/schema\/logo\/image\/"}}]}},"_links":{"self":[{"href":"https:\/\/www.asaprisk.com\/ca\/wp-json\/wp\/v2\/pages\/6519","targetHints":{"allow":["GET"]}}],"collection":[{"href":"https:\/\/www.asaprisk.com\/ca\/wp-json\/wp\/v2\/pages"}],"about":[{"href":"https:\/\/www.asaprisk.com\/ca\/wp-json\/wp\/v2\/types\/page"}],"author":[{"embeddable":true,"href":"https:\/\/www.asaprisk.com\/ca\/wp-json\/wp\/v2\/users\/1"}],"replies":[{"embeddable":true,"href":"https:\/\/www.asaprisk.com\/ca\/wp-json\/wp\/v2\/comments?post=6519"}],"version-history":[{"count":1,"href":"https:\/\/www.asaprisk.com\/ca\/wp-json\/wp\/v2\/pages\/6519\/revisions"}],"predecessor-version":[{"id":6520,"href":"https:\/\/www.asaprisk.com\/ca\/wp-json\/wp\/v2\/pages\/6519\/revisions\/6520"}],"wp:attachment":[{"href":"https:\/\/www.asaprisk.com\/ca\/wp-json\/wp\/v2\/media?parent=6519"}],"curies":[{"name":"wp","href":"https:\/\/api.w.org\/{rel}","templated":true}]}}